{"id":1409,"date":"2015-05-18T18:31:25","date_gmt":"2015-05-18T18:31:25","guid":{"rendered":"https:\/\/wp.tecnica29de6.edu.ar\/htdocs\/wp\/?page_id=1409"},"modified":"2018-09-18T21:38:40","modified_gmt":"2018-09-18T21:38:40","slug":"planes-de-estudio-ingles","status":"publish","type":"page","link":"https:\/\/www.tecnica29de6.edu.ar\/?page_id=1409","title":{"rendered":"Planes de estudio Ingl\u00e9s"},"content":{"rendered":"<p>A continuaci\u00f3n se detallan los planes de estudio de ingles de 1ro. a 6to. &nbsp;a\u00f1o.<\/p>\n<p><a href=\"https:\/\/wp.tecnica29de6.edu.ar\/htdocs\/wp\/wp-content\/uploads\/2018\/09\/ESCUEA-TECNICA-N\u00ba-29-programa-1ro-TMyTT.pdf\" target=\"_blank\" rel=\"noopener\">ESCUEA T\u00c9CNICA N\u00ba 29 programa 1ro TMyTT<\/a><\/p>\n<p><a href=\"https:\/\/wp.tecnica29de6.edu.ar\/htdocs\/wp\/wp-content\/uploads\/2018\/09\/ESCUEA-TECNICA-N\u00ba-29-programa-1ro-TN-.pdf\" target=\"_blank\" rel=\"noopener\">ESCUEA T\u00c9CNICA N\u00ba 29 programa 1ro TN<\/a><\/p>\n<p><a href=\"https:\/\/wp.tecnica29de6.edu.ar\/htdocs\/wp\/wp-content\/uploads\/2018\/09\/ESCUEA-TECNICA-N\u00ba-29-programa-2doTMyTT.pdf\" target=\"_blank\" rel=\"noopener\">ESCUEA T\u00c9CNICA N\u00ba 29 programa 2doTMyTT<\/a><\/p>\n<p><a href=\"https:\/\/wp.tecnica29de6.edu.ar\/htdocs\/wp\/wp-content\/uploads\/2018\/09\/ESCUEA-TECNICA-N\u00ba-29-programa-2doTN.pdf\" target=\"_blank\" rel=\"noopener\">ESCUEA T\u00c9CNICA N\u00ba 29 programa 2doTN<\/a><\/p>\n<p><a href=\"https:\/\/wp.tecnica29de6.edu.ar\/htdocs\/wp\/wp-content\/uploads\/2018\/09\/ESCUEA-TECNICA-N\u00ba-29-programa-3roTMyTT.pdf\" target=\"_blank\" rel=\"noopener\">ESCUEA T\u00c9CNICA N\u00ba 29 programa 3roTMyTT<\/a><\/p>\n<p><a href=\"https:\/\/wp.tecnica29de6.edu.ar\/htdocs\/wp\/wp-content\/uploads\/2018\/09\/ESCUEA-TECNICA-N\u00ba-29-programa-3erTN.pdf\" target=\"_blank\" rel=\"noopener\">ESCUEA T\u00c9CNICA N\u00ba 29 programa 3erTN<\/a><\/p>\n<p><a href=\"https:\/\/wp.tecnica29de6.edu.ar\/htdocs\/wp\/wp-content\/uploads\/2018\/09\/ESCUEA-TECNICA-N\u00ba-29-programa-4to-Electrica.pdf\" target=\"_blank\" rel=\"noopener\">ESCUEA T\u00c9CNICA N\u00ba 29 programa 4to Electrica<\/a><\/p>\n<p><a href=\"https:\/\/wp.tecnica29de6.edu.ar\/htdocs\/wp\/wp-content\/uploads\/2018\/09\/ESCUEA-TECNICA-N\u00ba-29-programa-4to-Computacion.pdf\" target=\"_blank\" rel=\"noopener\">ESCUEA T\u00c9CNICA N\u00ba 29 programa 4to Computacion<\/a><\/p>\n<p><a href=\"https:\/\/wp.tecnica29de6.edu.ar\/htdocs\/wp\/wp-content\/uploads\/2018\/09\/ESCUEA-TECNICA-N\u00ba-29-programa-4to-MECANICA.pdf\" target=\"_blank\" rel=\"noopener\">ESCUEA T\u00c9CNICA N\u00ba 29 programa 4to Mec\u00e1nica<\/a><\/p>\n<p><a href=\"https:\/\/wp.tecnica29de6.edu.ar\/htdocs\/wp\/wp-content\/uploads\/2018\/09\/ESCUEA-TECNICA-N\u00ba-29-programa-5to-Computacion.pdf\" target=\"_blank\" rel=\"noopener\">ESCUEA T\u00c9CNICA N\u00ba 29 programa 5to Computacion<\/a><\/p>\n<p><a href=\"https:\/\/wp.tecnica29de6.edu.ar\/htdocs\/wp\/wp-content\/uploads\/2018\/09\/ESCUEA-TECNICA-N\u00ba-29-programa-5to-Electrica.pdf\" target=\"_blank\" rel=\"noopener\">ESCUEA T\u00c9CNICA N\u00ba 29 programa 5to Electrica<\/a><\/p>\n<p><a href=\"https:\/\/wp.tecnica29de6.edu.ar\/htdocs\/wp\/wp-content\/uploads\/2018\/09\/ESCUEA-TECNICA-N\u00ba-29-programa-5to-Mecanica.pdf\" target=\"_blank\" rel=\"noopener\">ESCUEA T\u00c9CNICA N\u00ba 29 programa 5to Mec\u00e1nica<\/a><\/p>\n<p><a href=\"https:\/\/wp.tecnica29de6.edu.ar\/htdocs\/wp\/wp-content\/uploads\/2018\/09\/ESCUEA-TECNICA-N\u00ba-29-programa-6to-computacion.pdf\" target=\"_blank\" rel=\"noopener\">ESCUEA T\u00c9CNICA N\u00ba 29 programa 6to computacion<\/a><\/p>\n<p>&nbsp;<\/p>\n","protected":false},"excerpt":{"rendered":"<p>A continuaci\u00f3n se detallan los planes de estudio de ingles de 1ro. a 6to. &nbsp;a\u00f1o. ESCUEA T\u00c9CNICA N\u00ba 29 programa 1ro TMyTT ESCUEA T\u00c9CNICA N\u00ba 29 programa 1ro TN ESCUEA T\u00c9CNICA N\u00ba 29 programa 2doTMyTT ESCUEA T\u00c9CNICA N\u00ba 29 programa 2doTN ESCUEA T\u00c9CNICA N\u00ba 29 programa 3roTMyTT ESCUEA T\u00c9CNICA N\u00ba 29 programa 3erTN ESCUEA T\u00c9CNICA [&hellip;]<\/p>\n","protected":false},"author":1,"featured_media":0,"parent":0,"menu_order":0,"comment_status":"closed","ping_status":"closed","template":"","meta":{"ngg_post_thumbnail":0},"_links":{"self":[{"href":"https:\/\/www.tecnica29de6.edu.ar\/index.php?rest_route=\/wp\/v2\/pages\/1409"}],"collection":[{"href":"https:\/\/www.tecnica29de6.edu.ar\/index.php?rest_route=\/wp\/v2\/pages"}],"about":[{"href":"https:\/\/www.tecnica29de6.edu.ar\/index.php?rest_route=\/wp\/v2\/types\/page"}],"author":[{"embeddable":true,"href":"https:\/\/www.tecnica29de6.edu.ar\/index.php?rest_route=\/wp\/v2\/users\/1"}],"replies":[{"embeddable":true,"href":"https:\/\/www.tecnica29de6.edu.ar\/index.php?rest_route=%2Fwp%2Fv2%2Fcomments&post=1409"}],"version-history":[{"count":8,"href":"https:\/\/www.tecnica29de6.edu.ar\/index.php?rest_route=\/wp\/v2\/pages\/1409\/revisions"}],"predecessor-version":[{"id":4516,"href":"https:\/\/www.tecnica29de6.edu.ar\/index.php?rest_route=\/wp\/v2\/pages\/1409\/revisions\/4516"}],"wp:attachment":[{"href":"https:\/\/www.tecnica29de6.edu.ar\/index.php?rest_route=%2Fwp%2Fv2%2Fmedia&parent=1409"}],"curies":[{"name":"wp","href":"https:\/\/api.w.org\/{rel}","templated":true}]}}