{"id":1435,"date":"2015-05-18T20:37:35","date_gmt":"2015-05-18T20:37:35","guid":{"rendered":"https:\/\/wp.tecnica29de6.edu.ar\/htdocs\/wp\/?page_id=1435"},"modified":"2018-04-26T20:06:22","modified_gmt":"2018-04-26T20:06:22","slug":"cuadernillos-ingles","status":"publish","type":"page","link":"https:\/\/www.tecnica29de6.edu.ar\/?page_id=1435","title":{"rendered":"Cuadernillos Ingl\u00e9s"},"content":{"rendered":"<p>Listados de apuntes de &nbsp;alumnos seg\u00fan a\u00f1o y especialidad:<\/p>\n<p>&nbsp;<\/p>\n<p><a href=\"https:\/\/wp.tecnica29de6.edu.ar\/htdocs\/wp\/wp-content\/uploads\/2018\/04\/ET-29-cuadernillo-COMPUTACION-2018.pdf\" target=\"_blank\">ET 29 cuadernillo COMPUTACION<\/a><\/p>\n<p><a href=\"https:\/\/wp.tecnica29de6.edu.ar\/htdocs\/wp\/wp-content\/uploads\/2015\/05\/ET-29-cuadernillo-MECANICA-INGLES-4tos-a\u00f1os.pdf\" target=\"_blank\">ET 29 cuadernillo MECANICA INGLES 4tos a\u00f1os<\/a><\/p>\n<p><a href=\"https:\/\/wp.tecnica29de6.edu.ar\/htdocs\/wp\/wp-content\/uploads\/2015\/05\/ET-29-cuadernillo-INGLES-4tos-a\u00f1os.pdf\" target=\"_blank\">ET 29 cuadernillo INGLES 4tos a\u00f1os<\/a><\/p>\n<p><a href=\"https:\/\/wp.tecnica29de6.edu.ar\/htdocs\/wp\/wp-content\/uploads\/2018\/04\/et-29.-cuadernillo-electrica-3ros.pdf\" target=\"_blank\">ET 29 cuadernillo ELECTRICA 3ros a\u00f1os<\/a><\/p>\n<p><a href=\"https:\/\/wp.tecnica29de6.edu.ar\/htdocs\/wp\/wp-content\/uploads\/2015\/05\/ET-29-cuadernillo-ELECTRICA-Y-ELECTRICIDAD-INGLES-4tos-a\u00f1os.pdf\" target=\"_blank\">ET 29 cuadernillo ELECTRICA Y ELECTRICIDAD INGLES 4tos a\u00f1os<\/a><\/p>\n<p><a href=\"https:\/\/wp.tecnica29de6.edu.ar\/htdocs\/wp\/wp-content\/uploads\/2015\/05\/ET 29 cuadernillo 5tos a\u00f1os ingles.pdf\" target=\"_blank\">ET 29 cuadernillo 5tos a\u00f1os ingles<\/a><\/p>\n","protected":false},"excerpt":{"rendered":"<p>Listados de apuntes de &nbsp;alumnos seg\u00fan a\u00f1o y especialidad: &nbsp; ET 29 cuadernillo COMPUTACION ET 29 cuadernillo MECANICA INGLES 4tos a\u00f1os ET 29 cuadernillo INGLES 4tos a\u00f1os ET 29 cuadernillo ELECTRICA 3ros a\u00f1os ET 29 cuadernillo ELECTRICA Y ELECTRICIDAD INGLES 4tos a\u00f1os ET 29 cuadernillo 5tos a\u00f1os ingles<\/p>\n","protected":false},"author":2,"featured_media":0,"parent":0,"menu_order":0,"comment_status":"closed","ping_status":"closed","template":"","meta":{"ngg_post_thumbnail":0},"_links":{"self":[{"href":"https:\/\/www.tecnica29de6.edu.ar\/index.php?rest_route=\/wp\/v2\/pages\/1435"}],"collection":[{"href":"https:\/\/www.tecnica29de6.edu.ar\/index.php?rest_route=\/wp\/v2\/pages"}],"about":[{"href":"https:\/\/www.tecnica29de6.edu.ar\/index.php?rest_route=\/wp\/v2\/types\/page"}],"author":[{"embeddable":true,"href":"https:\/\/www.tecnica29de6.edu.ar\/index.php?rest_route=\/wp\/v2\/users\/2"}],"replies":[{"embeddable":true,"href":"https:\/\/www.tecnica29de6.edu.ar\/index.php?rest_route=%2Fwp%2Fv2%2Fcomments&post=1435"}],"version-history":[{"count":10,"href":"https:\/\/www.tecnica29de6.edu.ar\/index.php?rest_route=\/wp\/v2\/pages\/1435\/revisions"}],"predecessor-version":[{"id":4042,"href":"https:\/\/www.tecnica29de6.edu.ar\/index.php?rest_route=\/wp\/v2\/pages\/1435\/revisions\/4042"}],"wp:attachment":[{"href":"https:\/\/www.tecnica29de6.edu.ar\/index.php?rest_route=%2Fwp%2Fv2%2Fmedia&parent=1435"}],"curies":[{"name":"wp","href":"https:\/\/api.w.org\/{rel}","templated":true}]}}