{"id":1467,"date":"2015-06-29T03:50:20","date_gmt":"2015-06-29T03:50:20","guid":{"rendered":"https:\/\/wp.tecnica29de6.edu.ar\/htdocs\/wp\/?page_id=1467"},"modified":"2019-10-18T23:28:31","modified_gmt":"2019-10-18T23:28:31","slug":"leyes-esi","status":"publish","type":"page","link":"https:\/\/www.tecnica29de6.edu.ar\/?page_id=1467","title":{"rendered":"Leyes ESI"},"content":{"rendered":"<p>Acceda a las Leyes de Educaci\u00f3n Sexual:<\/p>\n<p><a title=\"PROGRAMA NACIONAL DE EDUCACION SEXUAL INTEGRAL Ley 26.150\" href=\"https:\/\/wp.tecnica29de6.edu.ar\/htdocs\/wp\/wp-content\/uploads\/2015\/06\/Ley-de-Educaci\u00f3n-Sexual-Integral.pdf\" target=\"_blank\" rel=\"noopener noreferrer\">Ley de Educaci\u00f3n Sexual Integral<\/a><\/p>\n<p><a title=\"IDENTIDAD DE GENERO - Ley 26.743\" href=\"https:\/\/wp.tecnica29de6.edu.ar\/htdocs\/wp\/wp-content\/uploads\/2015\/06\/Ley-de-Identidad-de-g\u00e9nero.pdf\" target=\"_blank\" rel=\"noopener noreferrer\">Ley de Identidad de g\u00e9nero<\/a><\/p>\n<p><a href=\"https:\/\/wp.tecnica29de6.edu.ar\/htdocs\/wp\/wp-content\/uploads\/2015\/06\/Ley-de-Protecci\u00f3n-integral-de-la-mujer.pdf\" target=\"_blank\" rel=\"noopener noreferrer\">Ley de Protecci\u00f3n integral de la mujer<\/a><\/p>\n<p><img decoding=\"async\" loading=\"lazy\" class=\"alignnone size-full wp-image-1491\" src=\"https:\/\/wp.tecnica29de6.edu.ar\/htdocs\/wp\/wp-content\/uploads\/2015\/06\/educacionsexual3.jpg\" alt=\"educacionsexual3\" width=\"259\" height=\"194\"><\/p>\n<p>&nbsp;<\/p>\n","protected":false},"excerpt":{"rendered":"<p>Acceda a las Leyes de Educaci\u00f3n Sexual: Ley de Educaci\u00f3n Sexual Integral Ley de Identidad de g\u00e9nero Ley de Protecci\u00f3n integral de la mujer &nbsp;<\/p>\n","protected":false},"author":2,"featured_media":0,"parent":0,"menu_order":0,"comment_status":"closed","ping_status":"closed","template":"","meta":{"ngg_post_thumbnail":0},"_links":{"self":[{"href":"https:\/\/www.tecnica29de6.edu.ar\/index.php?rest_route=\/wp\/v2\/pages\/1467"}],"collection":[{"href":"https:\/\/www.tecnica29de6.edu.ar\/index.php?rest_route=\/wp\/v2\/pages"}],"about":[{"href":"https:\/\/www.tecnica29de6.edu.ar\/index.php?rest_route=\/wp\/v2\/types\/page"}],"author":[{"embeddable":true,"href":"https:\/\/www.tecnica29de6.edu.ar\/index.php?rest_route=\/wp\/v2\/users\/2"}],"replies":[{"embeddable":true,"href":"https:\/\/www.tecnica29de6.edu.ar\/index.php?rest_route=%2Fwp%2Fv2%2Fcomments&post=1467"}],"version-history":[{"count":6,"href":"https:\/\/www.tecnica29de6.edu.ar\/index.php?rest_route=\/wp\/v2\/pages\/1467\/revisions"}],"predecessor-version":[{"id":5430,"href":"https:\/\/www.tecnica29de6.edu.ar\/index.php?rest_route=\/wp\/v2\/pages\/1467\/revisions\/5430"}],"wp:attachment":[{"href":"https:\/\/www.tecnica29de6.edu.ar\/index.php?rest_route=%2Fwp%2Fv2%2Fmedia&parent=1467"}],"curies":[{"name":"wp","href":"https:\/\/api.w.org\/{rel}","templated":true}]}}