{"id":1925,"date":"2015-11-02T21:05:55","date_gmt":"2015-11-02T21:05:55","guid":{"rendered":"https:\/\/wp.tecnica29de6.edu.ar\/htdocs\/wp\/?page_id=1925"},"modified":"2015-11-16T19:35:31","modified_gmt":"2015-11-16T19:35:31","slug":"escuelas-verdes","status":"publish","type":"page","link":"https:\/\/www.tecnica29de6.edu.ar\/?page_id=1925","title":{"rendered":"Educaci\u00f3n Ambiental"},"content":{"rendered":"<h3>Nuestra escuela incorpor\u00f3 la educaci\u00f3n ambiental en su Proyecto Educativo, como eje de trabajos en todas las materias.<\/h3>\n<p><a href=\"https:\/\/wp.tecnica29de6.edu.ar\/htdocs\/wp\/wp-content\/uploads\/2015\/11\/escuelasverdes3.jpg\"><img decoding=\"async\" loading=\"lazy\" class=\"alignnone size-full wp-image-1908\" src=\"https:\/\/wp.tecnica29de6.edu.ar\/htdocs\/wp\/wp-content\/uploads\/2015\/11\/escuelasverdes3.jpg\" alt=\"escuelasverdes3\" width=\"198\" height=\"176\" \/><\/a><\/p>\n<p>Como primera Etapa, se realiz\u00f3 un diagn\u00f3stico Ambiental Institucional, en el que participaron docentes y alumnos de  nuestra escuela.<\/p>\n<div>Referente Ambiental :  Prof Carolina Borjas.<\/div>\n<div>Docente Aliado:            Juan Manuel  Kouri<\/div>\n<h4><strong>Resultado del diagn\u00f3stico:<\/strong><\/h4>\n<ul>\n<li>Surge el inter\u00e9s Institucional de Incluir expl\u00edcitamente en el proyecto escuelo la educaci\u00f3n ambiental.<\/li>\n<li>Existe por parte de docentes y alumnos un inter\u00e9s particular por la problem\u00e1tica que plantea el consumo y la generaci\u00f3n de residuos y su destino.<\/li>\n<li>Necesidad de trabajar por proyecto: promovi\u00e9ndose el aprendizaje colaborativo.<\/li>\n<li>Surgi\u00f3 el proyecto \u00abEducaci\u00f3n ambiental  Consumo y Ciudadan\u00eda\u00bb.<\/li>\n<\/ul>\n<h4><strong>Objetivo:<\/strong><\/h4>\n<ul>\n<li> Fortalecer la correcta implementaci\u00f3n del GIR.<\/li>\n<li>Tomar conciencia de nuestro rol como ciudadanos responsables dentro del ambiente en que vivimos y las acciones positivas que a diario contribuyen a mejorarlo.<\/li>\n<\/ul>\n<h4>Manos a la obra:<\/h4>\n<p>Se realizaron durante el a\u00f1o las siguientes actividades:<\/p>\n<p><a title=\"Talleres de Educaci\u00f3n Ambiental y Consumo\" href=\"https:\/\/wp.tecnica29de6.edu.ar\/htdocs\/wp\/?p=1898\">Talleres de Educaci\u00f3n Ambiental  y Consumo.<\/a><\/p>\n<p><a title=\"Ladrillos Ecol\u00f3gicos\" href=\"https:\/\/wp.tecnica29de6.edu.ar\/htdocs\/wp\/?p=1886\">Ladrillos Ecol\u00f3gicos<\/a><\/p>\n<p><a title=\"Escudo de Tapitas\" href=\"https:\/\/wp.tecnica29de6.edu.ar\/htdocs\/wp\/?p=1888\">Escudo de Tapitas<\/a><\/p>\n<p><a title=\"Gesti\u00f3n Integral de Residuos\" href=\"https:\/\/wp.tecnica29de6.edu.ar\/htdocs\/wp\/?p=1892\">GIR: Gesti\u00f3n Integral de Residuos<\/a><\/p>\n<p><a title=\"Taller de Bolsas\" href=\"https:\/\/wp.tecnica29de6.edu.ar\/htdocs\/wp\/?p=1890\">Taller de Bolsas<\/a><\/p>\n<p><a title=\"Comit\u00e9 Ambiental\" href=\"https:\/\/wp.tecnica29de6.edu.ar\/htdocs\/wp\/?p=1894\">Comit\u00e9 Ambiental<\/a><\/p>\n<p><a title=\"Acuerdo Ambiental\" href=\"https:\/\/wp.tecnica29de6.edu.ar\/htdocs\/wp\/?p=1896\">Acuerdo Ambiental<\/a><\/p>\n<p><a title=\"Escuela Abierta\" href=\"https:\/\/wp.tecnica29de6.edu.ar\/htdocs\/wp\/?p=1900\">Escuela Abierta<\/a><\/p>\n<p><a title=\"Talleres de Educaci\u00f3n Ambiental y Consumo\" href=\"https:\/\/wp.tecnica29de6.edu.ar\/htdocs\/wp\/?p=1979\">Talleres de Educaci\u00f3n Ambiental y Consumo<\/a><\/p>\n<p><a title=\"Visita al Centro de Reciclado\" href=\"https:\/\/wp.tecnica29de6.edu.ar\/htdocs\/wp\/?p=2026\">Visita al Centro de Reciclado de la Ciudad de Buenos Aires<\/a><\/p>\n<p>&nbsp;<\/p>\n<p>&nbsp;<\/p>\n<p>&nbsp;<\/p>\n<p>&nbsp;<\/p>\n","protected":false},"excerpt":{"rendered":"<p>Nuestra escuela incorpor\u00f3 la educaci\u00f3n ambiental en su Proyecto Educativo, como eje de trabajos en todas las materias. Como primera Etapa, se realiz\u00f3 un diagn\u00f3stico Ambiental Institucional, en el que participaron docentes y alumnos de nuestra escuela. Referente Ambiental : Prof Carolina Borjas. Docente Aliado: Juan Manuel Kouri Resultado del diagn\u00f3stico: Surge el inter\u00e9s Institucional [&hellip;]<\/p>\n","protected":false},"author":2,"featured_media":0,"parent":0,"menu_order":0,"comment_status":"closed","ping_status":"closed","template":"","meta":{"ngg_post_thumbnail":0},"_links":{"self":[{"href":"https:\/\/www.tecnica29de6.edu.ar\/index.php?rest_route=\/wp\/v2\/pages\/1925"}],"collection":[{"href":"https:\/\/www.tecnica29de6.edu.ar\/index.php?rest_route=\/wp\/v2\/pages"}],"about":[{"href":"https:\/\/www.tecnica29de6.edu.ar\/index.php?rest_route=\/wp\/v2\/types\/page"}],"author":[{"embeddable":true,"href":"https:\/\/www.tecnica29de6.edu.ar\/index.php?rest_route=\/wp\/v2\/users\/2"}],"replies":[{"embeddable":true,"href":"https:\/\/www.tecnica29de6.edu.ar\/index.php?rest_route=%2Fwp%2Fv2%2Fcomments&post=1925"}],"version-history":[{"count":15,"href":"https:\/\/www.tecnica29de6.edu.ar\/index.php?rest_route=\/wp\/v2\/pages\/1925\/revisions"}],"predecessor-version":[{"id":2029,"href":"https:\/\/www.tecnica29de6.edu.ar\/index.php?rest_route=\/wp\/v2\/pages\/1925\/revisions\/2029"}],"wp:attachment":[{"href":"https:\/\/www.tecnica29de6.edu.ar\/index.php?rest_route=%2Fwp%2Fv2%2Fmedia&parent=1925"}],"curies":[{"name":"wp","href":"https:\/\/api.w.org\/{rel}","templated":true}]}}