{"id":1949,"date":"2015-11-09T19:50:41","date_gmt":"2015-11-09T19:50:41","guid":{"rendered":"https:\/\/wp.tecnica29de6.edu.ar\/htdocs\/wp\/?page_id=1949"},"modified":"2016-03-27T23:39:34","modified_gmt":"2016-03-27T23:39:34","slug":"plan-de-estudios","status":"publish","type":"page","link":"https:\/\/www.tecnica29de6.edu.ar\/?page_id=1949","title":{"rendered":"Plan de Estudios"},"content":{"rendered":"<h3>Planes de estudio a partir de  2015<\/h3>\n<p>Acceda a los planes mediante los siguientes links:<\/p>\n<h3 style=\"padding-left: 30px;\"><a href=\"https:\/\/wp.tecnica29de6.edu.ar\/htdocs\/wp\/wp-content\/uploads\/2015\/11\/RES-4145-2012-PRIMER-CICLO-MODALIDAD-T\u00c9CNICA-Anexo-I-y-II.pdf\" target=\"_blank\">Plan Ciclo B\u00e1sico<\/a><\/h3>\n<h3 style=\"padding-left: 30px;\"><a href=\"https:\/\/wp.tecnica29de6.edu.ar\/htdocs\/wp\/wp-content\/uploads\/2015\/11\/Tecnico-en-Computacion-RES-4147-12.pdf\" target=\"_blank\">T\u00e9cnico en Computaci\u00f3n RES 4147-12<\/a><\/h3>\n<h4 style=\"padding-left: 60px;\"><a href=\"https:\/\/wp.tecnica29de6.edu.ar\/htdocs\/wp\/wp-content\/uploads\/2016\/03\/RES-4147-12-ANEXOS.pdf\" target=\"_blank\">Anexo  RES 4147-12<\/a><\/h4>\n<h3 style=\"padding-left: 30px;\"><a href=\"https:\/\/wp.tecnica29de6.edu.ar\/htdocs\/wp\/wp-content\/uploads\/2015\/11\/Tecnico-Mecanico-RES-4144-12.pdf\" target=\"_blank\">T\u00e9cnico Mec\u00e1nico RES 4144-12<\/a><\/h3>\n<h4 style=\"padding-left: 60px;\"><a href=\"https:\/\/wp.tecnica29de6.edu.ar\/htdocs\/wp\/wp-content\/uploads\/2015\/11\/Tecnico-Mecanico-RES-4144-12-Anexo-1.pdf\" target=\"_blank\">Anexo 1  RES 4144-12<\/a><\/h4>\n<h4 style=\"padding-left: 60px;\"><a href=\"https:\/\/wp.tecnica29de6.edu.ar\/htdocs\/wp\/wp-content\/uploads\/2015\/11\/Tecnico-Mecanico-RES-4144-12-Anexo-2.pdf\" target=\"_blank\">Anexo 2 RES 4144-12<\/a><\/h4>\n<h4 style=\"padding-left: 60px;\"><a href=\"https:\/\/wp.tecnica29de6.edu.ar\/htdocs\/wp\/wp-content\/uploads\/2015\/11\/Tecnico-Mecanico-RES-4144-12-Anexo-3.pdf\" target=\"_blank\">Anexo 3  RES 4144-12<\/a><\/h4>\n<h3 style=\"padding-left: 30px;\"><a href=\"https:\/\/wp.tecnica29de6.edu.ar\/htdocs\/wp\/wp-content\/uploads\/2015\/11\/Tecnico-Electricista-RES-4151-12.pdf\" target=\"_blank\">T\u00e9cnico Electricista RES 4151-12<\/a><\/h3>\n<h4 style=\"padding-left: 60px;\"><a href=\"https:\/\/wp.tecnica29de6.edu.ar\/htdocs\/wp\/wp-content\/uploads\/2015\/11\/Tecnico-Electricista-RES-4151-12-Anexos.pdf\" target=\"_blank\">Anexo RES  4151-12<\/a><\/h4>\n","protected":false},"excerpt":{"rendered":"<p>Planes de estudio a partir de 2015 Acceda a los planes mediante los siguientes links: Plan Ciclo B\u00e1sico T\u00e9cnico en Computaci\u00f3n RES 4147-12 Anexo RES 4147-12 T\u00e9cnico Mec\u00e1nico RES 4144-12 Anexo 1 RES 4144-12 Anexo 2 RES 4144-12 Anexo 3 RES 4144-12 T\u00e9cnico Electricista RES 4151-12 Anexo RES 4151-12<\/p>\n","protected":false},"author":2,"featured_media":0,"parent":0,"menu_order":0,"comment_status":"closed","ping_status":"closed","template":"","meta":{"ngg_post_thumbnail":0},"_links":{"self":[{"href":"https:\/\/www.tecnica29de6.edu.ar\/index.php?rest_route=\/wp\/v2\/pages\/1949"}],"collection":[{"href":"https:\/\/www.tecnica29de6.edu.ar\/index.php?rest_route=\/wp\/v2\/pages"}],"about":[{"href":"https:\/\/www.tecnica29de6.edu.ar\/index.php?rest_route=\/wp\/v2\/types\/page"}],"author":[{"embeddable":true,"href":"https:\/\/www.tecnica29de6.edu.ar\/index.php?rest_route=\/wp\/v2\/users\/2"}],"replies":[{"embeddable":true,"href":"https:\/\/www.tecnica29de6.edu.ar\/index.php?rest_route=%2Fwp%2Fv2%2Fcomments&post=1949"}],"version-history":[{"count":15,"href":"https:\/\/www.tecnica29de6.edu.ar\/index.php?rest_route=\/wp\/v2\/pages\/1949\/revisions"}],"predecessor-version":[{"id":2073,"href":"https:\/\/www.tecnica29de6.edu.ar\/index.php?rest_route=\/wp\/v2\/pages\/1949\/revisions\/2073"}],"wp:attachment":[{"href":"https:\/\/www.tecnica29de6.edu.ar\/index.php?rest_route=%2Fwp%2Fv2%2Fmedia&parent=1949"}],"curies":[{"name":"wp","href":"https:\/\/api.w.org\/{rel}","templated":true}]}}