{"id":2086,"date":"2016-04-09T00:00:17","date_gmt":"2016-04-09T00:00:17","guid":{"rendered":"https:\/\/wp.tecnica29de6.edu.ar\/htdocs\/wp\/?page_id=2086"},"modified":"2019-12-06T23:55:31","modified_gmt":"2019-12-06T23:55:31","slug":"bachillerato-internacional","status":"publish","type":"page","link":"https:\/\/www.tecnica29de6.edu.ar\/?page_id=2086","title":{"rendered":"Bachillerato Internacional"},"content":{"rendered":"<p><a href=\"https:\/\/wp.tecnica29de6.edu.ar\/htdocs\/wp\/wp-content\/uploads\/2015\/02\/logoib.png\"><img decoding=\"async\" loading=\"lazy\" class=\"alignnone size-full wp-image-1284\" src=\"https:\/\/wp.tecnica29de6.edu.ar\/htdocs\/wp\/wp-content\/uploads\/2015\/02\/logoib.png\" alt=\"logoib\" width=\"369\" height=\"82\" srcset=\"https:\/\/www.tecnica29de6.edu.ar\/wp-content\/uploads\/2015\/02\/logoib.png 369w, https:\/\/www.tecnica29de6.edu.ar\/wp-content\/uploads\/2015\/02\/logoib-300x66.png 300w\" sizes=\"(max-width: 369px) 100vw, 369px\" \/><\/a><\/p>\n<h3>Especialidad de Computaci\u00f3n.&nbsp;&nbsp;Turno Ma\u00f1ana.<\/h3>\n<h4>PRIMERA COHORTE 2015-2016: 5\u00b07 &nbsp; &nbsp; &nbsp; &nbsp; &nbsp; &nbsp; &nbsp; &nbsp; &nbsp; &nbsp; &nbsp; &nbsp; &nbsp; &nbsp; &nbsp; &nbsp; &nbsp; &nbsp; &nbsp; &nbsp; &nbsp; &nbsp; &nbsp; &nbsp; &nbsp; &nbsp; &nbsp; &#8211;<\/h4>\n<h4>SEGUNDA COHORTE 2016-2017: 4\u00b07 &nbsp; &nbsp; &nbsp; &nbsp; &nbsp; &nbsp; &nbsp; &nbsp; &nbsp; &nbsp; &nbsp; &nbsp; &nbsp; &nbsp; &#8211;<\/h4>\n<p>El Programa del Diploma ofrece a los alumnos de entre 16 y 19 a\u00f1os de edad una experiencia educativa estimulante con un enfoque internacional, amplio y equilibrado mediante el estudio simult\u00e1neo de seis asignaturas y una serie de componentes obligatorios durante dos a\u00f1os. Est\u00e1 concebido para desarrollar las habilidades acad\u00e9micas b\u00e1sicas que requerir\u00e1n sus estudios posteriores y la profesi\u00f3n que elijan, adem\u00e1s de desarrollar las habilidades pr\u00e1cticas.<\/p>\n<p style=\"padding-left: 150px;\"><a href=\"https:\/\/wp.tecnica29de6.edu.ar\/htdocs\/wp\/wp-content\/uploads\/2016\/04\/Calendario-de-ex\u00e1menes-2016.pdf\" target=\"_blank\" rel=\"noopener noreferrer\">Calendario de Ex\u00e1menes &#8211; &nbsp; 2016<\/a><\/p>\n<h4>Plan de estudios &#8211; Materias<\/h4>\n<p style=\"padding-left: 150px;\"><a href=\"https:\/\/wp.tecnica29de6.edu.ar\/htdocs\/wp\/wp-content\/uploads\/2016\/04\/Gu\u00eda-Creatividad-Acci\u00f3n-y-Servicio.pdf\" target=\"_blank\" rel=\"noopener noreferrer\">Gu\u00eda &nbsp;Creatividad, Acci\u00f3n y Servicio<\/a><\/p>\n<p style=\"padding-left: 150px;\"><a href=\"https:\/\/wp.tecnica29de6.edu.ar\/htdocs\/wp\/wp-content\/uploads\/2016\/04\/Gu\u00eda-de-Estudios-Matem\u00e1ticos-NM.pdf\" target=\"_blank\" rel=\"noopener noreferrer\">Gu\u00eda de Estudios Matem\u00e1ticas NM<\/a><\/p>\n<p style=\"padding-left: 150px;\"><a href=\"https:\/\/wp.tecnica29de6.edu.ar\/htdocs\/wp\/wp-content\/uploads\/2016\/04\/Gu\u00eda-de-Historia.pdf\" target=\"_blank\" rel=\"noopener noreferrer\">Gu\u00eda de Historia<\/a><\/p>\n<p style=\"padding-left: 150px;\"><a href=\"https:\/\/wp.tecnica29de6.edu.ar\/htdocs\/wp\/wp-content\/uploads\/2016\/04\/Gu\u00eda-de-Inform\u00e1tica.pdf\" target=\"_blank\" rel=\"noopener noreferrer\">Gu\u00eda de Inform\u00e1tica<\/a><\/p>\n<p style=\"padding-left: 150px;\"><a href=\"https:\/\/wp.tecnica29de6.edu.ar\/htdocs\/wp\/wp-content\/uploads\/2016\/04\/Gu\u00eda-de-Lengua-ab-initio.pdf\" target=\"_blank\" rel=\"noopener noreferrer\">Gu\u00eda de Lengua ab initio<\/a><\/p>\n<p style=\"padding-left: 150px;\"><a href=\"https:\/\/wp.tecnica29de6.edu.ar\/htdocs\/wp\/wp-content\/uploads\/2016\/04\/Gu\u00eda-de-Lengua-y-Literatura.pdf\" target=\"_blank\" rel=\"noopener noreferrer\">Gu\u00eda de Lengua y Literatura<\/a><\/p>\n<p style=\"padding-left: 150px;\"><a href=\"https:\/\/wp.tecnica29de6.edu.ar\/htdocs\/wp\/wp-content\/uploads\/2016\/04\/Gu\u00eda-de-Monograf\u00eda.pdf\" target=\"_blank\" rel=\"noopener noreferrer\">Gu\u00eda de Monograf\u00eda<\/a><\/p>\n<p style=\"padding-left: 150px;\"><a href=\"https:\/\/wp.tecnica29de6.edu.ar\/htdocs\/wp\/wp-content\/uploads\/2016\/04\/Gu\u00eda-de-Tecnolog\u00eda-de-la-Informaci\u00f3n-en-una-Sociedad-Global.pdf\" target=\"_blank\" rel=\"noopener noreferrer\">Gu\u00eda de Tecnolog\u00eda de la informaci\u00f3n de una Sociedad Global<\/a><\/p>\n<p style=\"padding-left: 150px;\"><a href=\"https:\/\/wp.tecnica29de6.edu.ar\/htdocs\/wp\/wp-content\/uploads\/2016\/04\/Gu\u00eda-de-Teor\u00eda-del-Conocimiento.pdf\" target=\"_blank\" rel=\"noopener noreferrer\">Guia de Teor\u00eda del Conocimiento<\/a><\/p>\n<p style=\"padding-left: 150px;\"><a href=\"https:\/\/wp.tecnica29de6.edu.ar\/htdocs\/wp\/wp-content\/uploads\/2015\/02\/Presentaci\u00f3n-del-Programa-del-Diploma-para-alumnos.ppsx\" target=\"_blank\" rel=\"noopener noreferrer\">Presentaci\u00f3n del Programa del Diploma para alumnos<\/a><\/p>\n<p style=\"padding-left: 150px;\"><a href=\"https:\/\/wp.tecnica29de6.edu.ar\/htdocs\/wp\/wp-content\/uploads\/2015\/02\/Programa-del-Diploma.pdf\" target=\"_blank\" rel=\"noopener noreferrer\">Programa del Diploma<\/a><\/p>\n<p style=\"padding-left: 150px;\"><a href=\"https:\/\/wp.tecnica29de6.edu.ar\/htdocs\/wp\/wp-content\/uploads\/2015\/02\/Folleto-de-la-escuela-para-el-IB.pdf\" target=\"_blank\" rel=\"noopener noreferrer\">Folleto de la escuela para el IB<\/a><\/p>\n<p style=\"padding-left: 150px;\"><a href=\"https:\/\/wp.tecnica29de6.edu.ar\/htdocs\/wp\/wp-content\/uploads\/2016\/09\/Carta-de-autorizaci\u00f3n.pdf\" target=\"_blank\" rel=\"noopener noreferrer\">Carta de autorizaci\u00f3n del colegio para formar parte del mundo IB<\/a><\/p>\n<p style=\"padding-left: 150px;\"><a href=\"https:\/\/wp.tecnica29de6.edu.ar\/htdocs\/wp\/wp-content\/uploads\/2019\/12\/Folleto-Computaci\u00f3n-ET29.pdf\" target=\"_blank\" rel=\"noopener noreferrer\">Folleto Computaci\u00f3n E.T. 29<\/a><\/p>\n<p style=\"padding-left: 150px;\"><a href=\"https:\/\/wp.tecnica29de6.edu.ar\/htdocs\/wp\/wp-content\/uploads\/2019\/12\/Organigrama-del-colegio-E.T.N-29-D.E-6.pdf\" target=\"_blank\" rel=\"noopener noreferrer\">Organigrama del colegio E.T. 29 D.E. 6<\/a><\/p>\n","protected":false},"excerpt":{"rendered":"<p>Especialidad de Computaci\u00f3n.&nbsp;&nbsp;Turno Ma\u00f1ana. PRIMERA COHORTE 2015-2016: 5\u00b07 &nbsp; &nbsp; &nbsp; &nbsp; &nbsp; &nbsp; &nbsp; &nbsp; &nbsp; &nbsp; &nbsp; &nbsp; &nbsp; &nbsp; &nbsp; &nbsp; &nbsp; &nbsp; &nbsp; &nbsp; &nbsp; &nbsp; &nbsp; &nbsp; &nbsp; &nbsp; &nbsp; &#8211; SEGUNDA COHORTE 2016-2017: 4\u00b07 &nbsp; &nbsp; &nbsp; &nbsp; &nbsp; &nbsp; &nbsp; &nbsp; &nbsp; &nbsp; &nbsp; &nbsp; &nbsp; &nbsp; &#8211; [&hellip;]<\/p>\n","protected":false},"author":2,"featured_media":0,"parent":0,"menu_order":0,"comment_status":"closed","ping_status":"closed","template":"","meta":{"ngg_post_thumbnail":0},"_links":{"self":[{"href":"https:\/\/www.tecnica29de6.edu.ar\/index.php?rest_route=\/wp\/v2\/pages\/2086"}],"collection":[{"href":"https:\/\/www.tecnica29de6.edu.ar\/index.php?rest_route=\/wp\/v2\/pages"}],"about":[{"href":"https:\/\/www.tecnica29de6.edu.ar\/index.php?rest_route=\/wp\/v2\/types\/page"}],"author":[{"embeddable":true,"href":"https:\/\/www.tecnica29de6.edu.ar\/index.php?rest_route=\/wp\/v2\/users\/2"}],"replies":[{"embeddable":true,"href":"https:\/\/www.tecnica29de6.edu.ar\/index.php?rest_route=%2Fwp%2Fv2%2Fcomments&post=2086"}],"version-history":[{"count":8,"href":"https:\/\/www.tecnica29de6.edu.ar\/index.php?rest_route=\/wp\/v2\/pages\/2086\/revisions"}],"predecessor-version":[{"id":5510,"href":"https:\/\/www.tecnica29de6.edu.ar\/index.php?rest_route=\/wp\/v2\/pages\/2086\/revisions\/5510"}],"wp:attachment":[{"href":"https:\/\/www.tecnica29de6.edu.ar\/index.php?rest_route=%2Fwp%2Fv2%2Fmedia&parent=2086"}],"curies":[{"name":"wp","href":"https:\/\/api.w.org\/{rel}","templated":true}]}}