{"id":2119,"date":"2016-04-11T19:51:51","date_gmt":"2016-04-11T19:51:51","guid":{"rendered":"https:\/\/wp.tecnica29de6.edu.ar\/htdocs\/wp\/?page_id=2119"},"modified":"2017-04-10T01:43:20","modified_gmt":"2017-04-10T01:43:20","slug":"planes-de-estudio-lengua","status":"publish","type":"page","link":"https:\/\/www.tecnica29de6.edu.ar\/?page_id=2119","title":{"rendered":"Planes de estudio Lengua"},"content":{"rendered":"<h4>Links de&nbsp;ex\u00e1menes &nbsp;de lengua y literatura de 1ro. a &nbsp;5to. &nbsp;a\u00f1o.<\/h4>\n<h4 style=\"padding-left: 60px;\"><a href=\"https:\/\/wp.tecnica29de6.edu.ar\/htdocs\/wp\/wp-content\/uploads\/2017\/04\/Programa-de-examen-1er-a\u00f1o-Lengua-y-Literatura.pdf\">Programa de examen 1er a\u00f1o Lengua y Literatura<\/a><\/h4>\n<h4 style=\"padding-left: 60px;\"><a href=\"https:\/\/wp.tecnica29de6.edu.ar\/htdocs\/wp\/wp-content\/uploads\/2017\/04\/Programa-de-examen-2do-a\u00f1o-Lengua-y-Literatura.pdf\">Programa de examen 2do a\u00f1o Lengua y Literatura<\/a><\/h4>\n<h4 style=\"padding-left: 60px;\"><a href=\"https:\/\/wp.tecnica29de6.edu.ar\/htdocs\/wp\/wp-content\/uploads\/2017\/04\/Programa-de-examen-3er-a\u00f1o-Lengua-y-Literatura.pdf\">Programa de examen 3er a\u00f1o Lengua y Literatura<\/a><\/h4>\n<h4 style=\"padding-left: 60px;\"><a href=\"https:\/\/wp.tecnica29de6.edu.ar\/htdocs\/wp\/wp-content\/uploads\/2017\/04\/Programa-de-examen-4to-a\u00f1o-Lengua-y-Literatura.pdf\">Programa de examen 4to a\u00f1o Lengua y Literatura<\/a><\/h4>\n<h4 style=\"padding-left: 60px;\"><a href=\"https:\/\/wp.tecnica29de6.edu.ar\/htdocs\/wp\/wp-content\/uploads\/2017\/04\/Programa-de-examen-5to-a\u00f1o-Lengua-y-Literatura.pdf\">Programa de examen 5to a\u00f1o Lengua y Literatura<\/a><\/h4>\n<h4>Links de los planes de estudio de lengua de 1ro. a &nbsp;5to. &nbsp;a\u00f1o.<\/h4>\n<h4 style=\"padding-left: 60px;\"><a href=\"https:\/\/wp.tecnica29de6.edu.ar\/htdocs\/wp\/wp-content\/uploads\/2016\/04\/Programa-Lengua-1er-a\u00f1o.pdf\" target=\"_blank\">Programa Lengua 1er a\u00f1o<\/a><\/h4>\n<h4 style=\"padding-left: 60px;\"><a href=\"https:\/\/wp.tecnica29de6.edu.ar\/htdocs\/wp\/wp-content\/uploads\/2016\/04\/Programa-Lengua-2do-a\u00f1o.pdf\" target=\"_blank\">Programa Lengua 2do a\u00f1o<\/a><\/h4>\n<h4 style=\"padding-left: 60px;\"><a href=\"https:\/\/wp.tecnica29de6.edu.ar\/htdocs\/wp\/wp-content\/uploads\/2016\/04\/Programa-Lengua-3er-a\u00f1o.pdf\" target=\"_blank\">Programa Lengua 3er a\u00f1o<\/a><\/h4>\n<h4 style=\"padding-left: 60px;\"><a href=\"https:\/\/wp.tecnica29de6.edu.ar\/htdocs\/wp\/wp-content\/uploads\/2016\/04\/Programa-Lengua-4to-a\u00f1o.pdf\" target=\"_blank\">Programa Lengua 4to a\u00f1o<\/a><\/h4>\n<h4 style=\"padding-left: 60px;\"><a href=\"https:\/\/wp.tecnica29de6.edu.ar\/htdocs\/wp\/wp-content\/uploads\/2016\/04\/Programa-Lengua-5to-a\u00f1o.pdf\" target=\"_blank\">Programa Lengua 5to a\u00f1o<\/a><\/h4>\n<p>&nbsp;<\/p>\n","protected":false},"excerpt":{"rendered":"<p>Links de&nbsp;ex\u00e1menes &nbsp;de lengua y literatura de 1ro. a &nbsp;5to. &nbsp;a\u00f1o. Programa de examen 1er a\u00f1o Lengua y Literatura Programa de examen 2do a\u00f1o Lengua y Literatura Programa de examen 3er a\u00f1o Lengua y Literatura Programa de examen 4to a\u00f1o Lengua y Literatura Programa de examen 5to a\u00f1o Lengua y Literatura Links de los planes [&hellip;]<\/p>\n","protected":false},"author":2,"featured_media":0,"parent":0,"menu_order":0,"comment_status":"closed","ping_status":"closed","template":"","meta":{"ngg_post_thumbnail":0},"_links":{"self":[{"href":"https:\/\/www.tecnica29de6.edu.ar\/index.php?rest_route=\/wp\/v2\/pages\/2119"}],"collection":[{"href":"https:\/\/www.tecnica29de6.edu.ar\/index.php?rest_route=\/wp\/v2\/pages"}],"about":[{"href":"https:\/\/www.tecnica29de6.edu.ar\/index.php?rest_route=\/wp\/v2\/types\/page"}],"author":[{"embeddable":true,"href":"https:\/\/www.tecnica29de6.edu.ar\/index.php?rest_route=\/wp\/v2\/users\/2"}],"replies":[{"embeddable":true,"href":"https:\/\/www.tecnica29de6.edu.ar\/index.php?rest_route=%2Fwp%2Fv2%2Fcomments&post=2119"}],"version-history":[{"count":5,"href":"https:\/\/www.tecnica29de6.edu.ar\/index.php?rest_route=\/wp\/v2\/pages\/2119\/revisions"}],"predecessor-version":[{"id":2124,"href":"https:\/\/www.tecnica29de6.edu.ar\/index.php?rest_route=\/wp\/v2\/pages\/2119\/revisions\/2124"}],"wp:attachment":[{"href":"https:\/\/www.tecnica29de6.edu.ar\/index.php?rest_route=%2Fwp%2Fv2%2Fmedia&parent=2119"}],"curies":[{"name":"wp","href":"https:\/\/api.w.org\/{rel}","templated":true}]}}