{"id":2153,"date":"2016-04-22T02:11:15","date_gmt":"2016-04-22T02:11:15","guid":{"rendered":"https:\/\/wp.tecnica29de6.edu.ar\/htdocs\/wp\/?page_id=2153"},"modified":"2016-04-22T02:24:58","modified_gmt":"2016-04-22T02:24:58","slug":"alcances-del-titulo","status":"publish","type":"page","link":"https:\/\/www.tecnica29de6.edu.ar\/?page_id=2153","title":{"rendered":"Alcances del Titulo"},"content":{"rendered":"<h1><img decoding=\"async\" loading=\"lazy\" class=\" wp-image-109 alignleft\" src=\"https:\/\/wp.tecnica29de6.edu.ar\/htdocs\/wp\/wp-content\/uploads\/2014\/06\/lamp.jpg\" alt=\"lamp\" width=\"47\" height=\"109\" \/>T\u00c9CNICO ELECTRICISTA<\/h1>\n<h3>Les damos la bienvenida al \u00c1rea electricidad con orientaci\u00f3n en electr\u00f3nica  de la escuela.<\/h3>\n<h3><\/h3>\n<p>&nbsp;<\/p>\n<p>En el \u00e1rea se busca que al finalizar la carrera el alumno tenga los conocimientos suficientes para:<\/p>\n<ul>\n<li>\u201cProyectar instalaciones el\u00e9ctricas de corrientes d\u00e9biles, muy baja, baja y media tensi\u00f3n\u201d.<\/li>\n<li>\u201cOperar m\u00e1quinas e instalaciones el\u00e9ctricas\u201d.<\/li>\n<li> \u201cMontar e instalar componentes, m\u00e1quinas, equipos e instalaciones el\u00e9ctricas\u201d.<\/li>\n<li> \u201cMantener componentes, m\u00e1quinas e instalaciones el\u00e9ctricas\u201d.<\/li>\n<li> \u201cGestionar procesos constructivos de instalaciones el\u00e9ctricas\u201d.<\/li>\n<li> \u201cComercializar, seleccionar y asesorar en componentes, m\u00e1quinas, equipos e instalaciones el\u00e9ctricas\u201d.<\/li>\n<li> \u201cGenerar y\/o participar de emprendimientos\u201d.<\/li>\n<\/ul>\n<h3>Para eso el alumno ira adquiriendo conocimiento en:<\/h3>\n<p>&nbsp;<\/p>\n<h2>Circuitos el\u00e9ctricos:<\/h2>\n<p><img decoding=\"async\" loading=\"lazy\" class=\" wp-image-2149 alignleft\" src=\"https:\/\/wp.tecnica29de6.edu.ar\/htdocs\/wp\/wp-content\/uploads\/2016\/04\/Ele-planocasa.jpg\" alt=\"Ele-planocasa\" width=\"487\" height=\"346\" srcset=\"https:\/\/www.tecnica29de6.edu.ar\/wp-content\/uploads\/2016\/04\/Ele-planocasa.jpg 566w, https:\/\/www.tecnica29de6.edu.ar\/wp-content\/uploads\/2016\/04\/Ele-planocasa-300x213.jpg 300w\" sizes=\"(max-width: 487px) 100vw, 487px\" \/><\/p>\n<p>Circuitos el\u00e9ctricos domiciliarios, desde los m\u00e1s sencillos, como ser una conexi\u00f3n de un interruptor de luz y un toma de luz, hasta el armado de tableros de llaves termomagneticas (t\u00e9rmicas) y llaves diferenciales (disyuntor).<img decoding=\"async\" loading=\"lazy\" class=\"wp-image-2152 alignleft\" src=\"https:\/\/wp.tecnica29de6.edu.ar\/htdocs\/wp\/wp-content\/uploads\/2016\/04\/Ele-tablero.jpg\" alt=\"Ele-tablero\" width=\"230\" height=\"239\" srcset=\"https:\/\/www.tecnica29de6.edu.ar\/wp-content\/uploads\/2016\/04\/Ele-tablero.jpg 501w, https:\/\/www.tecnica29de6.edu.ar\/wp-content\/uploads\/2016\/04\/Ele-tablero-288x300.jpg 288w\" sizes=\"(max-width: 230px) 100vw, 230px\" \/><\/p>\n<p>&nbsp;<\/p>\n<h3><\/h3>\n<p>&nbsp;<\/p>\n<p>&nbsp;<\/p>\n<p>&nbsp;<\/p>\n<p>&nbsp;<\/p>\n<p>&nbsp;<\/p>\n<p>&nbsp;<\/p>\n<p>&nbsp;<\/p>\n<p>&nbsp;<\/p>\n<p><img decoding=\"async\" loading=\"lazy\" class=\" wp-image-2150 alignleft\" src=\"https:\/\/wp.tecnica29de6.edu.ar\/htdocs\/wp\/wp-content\/uploads\/2016\/04\/Ele-racks.jpg\" alt=\"Ele-racks\" width=\"333\" height=\"250\" srcset=\"https:\/\/www.tecnica29de6.edu.ar\/wp-content\/uploads\/2016\/04\/Ele-racks.jpg 568w, https:\/\/www.tecnica29de6.edu.ar\/wp-content\/uploads\/2016\/04\/Ele-racks-300x225.jpg 300w\" sizes=\"(max-width: 333px) 100vw, 333px\" \/><\/p>\n<h2> Circuitos el\u00e9ctricos industriales<\/h2>\n<p>Se ver\u00e1n todos los circuitos el\u00e9ctricos que se manejan dentro de grandes f\u00e1bricas y armado de tableros.<\/p>\n<p>&nbsp;<\/p>\n<p>&nbsp;<\/p>\n<p>&nbsp;<\/p>\n<p>&nbsp;<\/p>\n<p>&nbsp;<\/p>\n<p>&nbsp;<\/p>\n<p><img decoding=\"async\" loading=\"lazy\" class=\" wp-image-2148 alignleft\" src=\"https:\/\/wp.tecnica29de6.edu.ar\/htdocs\/wp\/wp-content\/uploads\/2016\/04\/Ele-casa.jpg\" alt=\"Ele-casa\" width=\"375\" height=\"281\" srcset=\"https:\/\/www.tecnica29de6.edu.ar\/wp-content\/uploads\/2016\/04\/Ele-casa.jpg 562w, https:\/\/www.tecnica29de6.edu.ar\/wp-content\/uploads\/2016\/04\/Ele-casa-300x225.jpg 300w\" sizes=\"(max-width: 375px) 100vw, 375px\" \/><\/p>\n<h2><\/h2>\n<h2>Automatizaci\u00f3n:<\/h2>\n<p style=\"text-align: justify;\"><strong>Automatizaci\u00f3n<\/strong>, s<span style=\"line-height: 1.5;\">e ver\u00e1 el control de maquinas el\u00e9ctricas a distancia usando diversos elementos como ser un contactor.<\/span><\/p>\n<p style=\"text-align: justify;\"><strong>Dom\u00f3tica,<\/strong> se ver\u00e1 la automatizaci\u00f3n y control inteligente dentro de una vivienda, como ser el controla las luces de una casa desde una computadora o desde cualquier celular.<\/p>\n<p>&nbsp;<\/p>\n<p>&nbsp;<\/p>\n<p>&nbsp;<\/p>\n<p>&nbsp;<\/p>\n<p><img decoding=\"async\" loading=\"lazy\" class=\" wp-image-2151 alignleft\" src=\"https:\/\/wp.tecnica29de6.edu.ar\/htdocs\/wp\/wp-content\/uploads\/2016\/04\/Ele-robot.jpg\" alt=\"Ele-robot\" width=\"295\" height=\"294\" srcset=\"https:\/\/www.tecnica29de6.edu.ar\/wp-content\/uploads\/2016\/04\/Ele-robot.jpg 570w, https:\/\/www.tecnica29de6.edu.ar\/wp-content\/uploads\/2016\/04\/Ele-robot-150x150.jpg 150w, https:\/\/www.tecnica29de6.edu.ar\/wp-content\/uploads\/2016\/04\/Ele-robot-300x300.jpg 300w, https:\/\/www.tecnica29de6.edu.ar\/wp-content\/uploads\/2016\/04\/Ele-robot-60x60.jpg 60w, https:\/\/www.tecnica29de6.edu.ar\/wp-content\/uploads\/2016\/04\/Ele-robot-100x100.jpg 100w\" sizes=\"(max-width: 295px) 100vw, 295px\" \/><\/p>\n<h2>Rob\u00f3tica<\/h2>\n<p style=\"text-align: justify;\">Se ver\u00e1n nociones b\u00e1sicas para el armado de peque\u00f1os robots.<\/p>\n<p style=\"text-align: justify;\">Entre dem\u00e1s saberes.<\/p>\n<p style=\"text-align: justify;\">Una vez recibido el alumno podr\u00e1 tramitar una matr\u00edcula el\u00e9ctrica provista por el COPIME, la cual le permitir\u00e1 firmar planos el\u00e9ctricos de obras, habilitaci\u00f3n de medidores el\u00e9ctricos entre otras cosa, para poder cumplir al 100% con las habilitaciones profesionales.<\/p>\n<p>&nbsp;<\/p>\n<p>&nbsp;<\/p>\n<p>&nbsp;<\/p>\n<p>&nbsp;<\/p>\n<h2>HABILITACIONES PROFESIONALES<\/h2>\n<p style=\"text-align: justify;\">Las habilitaciones profesionales surgen como aquel conjunto complejo de funciones profesionales que reflejan actividades que pudieren poner en riesgo de modo directo la salud, la seguridad, los derechos o los bienes de los habitantes. Del an\u00e1lisis de las actividades profesionales que se desprenden del Perfil Profesional, se establecen como habilitaciones para el T\u00e9cnico en Electricidad:<\/p>\n<p style=\"text-align: justify;\">1.       Realizar el proyecto, dise\u00f1o y c\u00e1lculo de instalaciones el\u00e9ctricas para iluminaci\u00f3n, se\u00f1alamiento, comando y fuerza motriz, generaci\u00f3n y\/o transformaci\u00f3n de energ\u00eda; l\u00edneas de alimentaci\u00f3n y\/o distribuci\u00f3n de energ\u00eda el\u00e9ctrica; instalaciones de automatizaci\u00f3n y control programas de mantenimiento.<\/p>\n<p style=\"text-align: justify;\">2.       Realizar la direcci\u00f3n y\/o supervisi\u00f3n de instalaciones el\u00e9ctricas para iluminaci\u00f3n, se\u00f1alamiento, comando y fuerza motriz; para generaci\u00f3n y\/o transformaci\u00f3n de energ\u00eda; l\u00edneas de alimentaci\u00f3n y\/o distribuci\u00f3n de energ\u00eda el\u00e9ctrica. Instalaciones de automatizaci\u00f3n y control. Programas de mantenimiento.<\/p>\n<p style=\"text-align: justify;\">3.       En lo puntos 1 y 2 en inmuebles (viviendas uni y multifamiliares, oficinas y locales); f\u00e1bricas, talleres, industrias; infraestructura urbana y\/o rural y empresas de servicios el\u00e9ctricos. Con l\u00edmites de: Potencia el\u00e9ctrica hasta 2000 KVA. Tensi\u00f3n hasta 13,2 KV inclusive. Superficie del predio y\/o recinto de acuerdo al proyecto.<\/p>\n<p style=\"text-align: justify;\">4.       Ejecutar el montaje e instalaciones el\u00e9ctricas en inmuebles de corrientes d\u00e9biles, para iluminaci\u00f3n, se\u00f1alamiento, comando y fuerza motriz; de generaci\u00f3n y\/o transformaci\u00f3n de energ\u00eda; l\u00edneas de alimentaci\u00f3n y\/o distribuci\u00f3n de energ\u00eda el\u00e9ctrica e instalaciones de automatizaci\u00f3n y control.<\/p>\n<p style=\"text-align: justify;\">5.       Realizar la direcci\u00f3n, planificaci\u00f3n y\/o ejecuci\u00f3n del mantenimiento de componentes, m\u00e1quinas e instalaciones el\u00e9ctricas; grupos e instalaciones para generaci\u00f3n de energ\u00eda el\u00e9ctrica; instalaciones transformadoras de energ\u00eda el\u00e9ctrica; l\u00edneas de alimentaci\u00f3n y\/o distribuci\u00f3n de energ\u00eda el\u00e9ctrica; instalaciones de automatizaci\u00f3n y control.<\/p>\n<p style=\"text-align: justify;\">6.       En los puntos 3 y 4 en inmuebles (viviendas uni y multifamiliares, oficinas y locales); f\u00e1bricas, talleres, industrias; infraestructura urbana y\/o rural y empresas de servicios el\u00e9ctricos: sin limitaciones. Quedan excluidas las c\u00e1maras o subestaciones de alta tensi\u00f3n mayores a 13, 2 KV y 2000 KVA donde actuar\u00e1 bajo supervisi\u00f3n.<\/p>\n<p style=\"text-align: justify;\">7.       Realizar tareas de peritajes, arbitrajes, tasaciones y\/o certificaciones conforme a normas vigentes que se encuentren comprendidas en las habilitaciones que otorgan los puntos anteriores.<\/p>\n","protected":false},"excerpt":{"rendered":"<p>T\u00c9CNICO ELECTRICISTA Les damos la bienvenida al \u00c1rea electricidad con orientaci\u00f3n en electr\u00f3nica de la escuela. &nbsp; En el \u00e1rea se busca que al finalizar la carrera el alumno tenga los conocimientos suficientes para: \u201cProyectar instalaciones el\u00e9ctricas de corrientes d\u00e9biles, muy baja, baja y media tensi\u00f3n\u201d. \u201cOperar m\u00e1quinas e instalaciones el\u00e9ctricas\u201d. \u201cMontar e instalar componentes, [&hellip;]<\/p>\n","protected":false},"author":2,"featured_media":0,"parent":0,"menu_order":0,"comment_status":"closed","ping_status":"closed","template":"","meta":{"ngg_post_thumbnail":0},"_links":{"self":[{"href":"https:\/\/www.tecnica29de6.edu.ar\/index.php?rest_route=\/wp\/v2\/pages\/2153"}],"collection":[{"href":"https:\/\/www.tecnica29de6.edu.ar\/index.php?rest_route=\/wp\/v2\/pages"}],"about":[{"href":"https:\/\/www.tecnica29de6.edu.ar\/index.php?rest_route=\/wp\/v2\/types\/page"}],"author":[{"embeddable":true,"href":"https:\/\/www.tecnica29de6.edu.ar\/index.php?rest_route=\/wp\/v2\/users\/2"}],"replies":[{"embeddable":true,"href":"https:\/\/www.tecnica29de6.edu.ar\/index.php?rest_route=%2Fwp%2Fv2%2Fcomments&post=2153"}],"version-history":[{"count":9,"href":"https:\/\/www.tecnica29de6.edu.ar\/index.php?rest_route=\/wp\/v2\/pages\/2153\/revisions"}],"predecessor-version":[{"id":2164,"href":"https:\/\/www.tecnica29de6.edu.ar\/index.php?rest_route=\/wp\/v2\/pages\/2153\/revisions\/2164"}],"wp:attachment":[{"href":"https:\/\/www.tecnica29de6.edu.ar\/index.php?rest_route=%2Fwp%2Fv2%2Fmedia&parent=2153"}],"curies":[{"name":"wp","href":"https:\/\/api.w.org\/{rel}","templated":true}]}}