{"id":2468,"date":"2016-09-22T20:42:27","date_gmt":"2016-09-22T20:42:27","guid":{"rendered":"https:\/\/wp.tecnica29de6.edu.ar\/htdocs\/wp\/?page_id=2468"},"modified":"2016-10-03T20:44:05","modified_gmt":"2016-10-03T20:44:05","slug":"ciencias-sociales","status":"publish","type":"page","link":"https:\/\/www.tecnica29de6.edu.ar\/?page_id=2468","title":{"rendered":"Ciencias Sociales"},"content":{"rendered":"<h3>Programas de Ciencias Sociales Ciclo B\u00e1sico<\/h3>\n<ul>\n<li><a href=\"https:\/\/wp.tecnica29de6.edu.ar\/htdocs\/wp\/wp-content\/uploads\/2016\/09\/PROGRAMA-EDUCACION-CIUDADANA-1\u00ba-A\u00d1O-ET-29.pdf\">Programa Educaci\u00f3n ciudadana 1\u00baa\u00f1o<\/a><\/li>\n<li><a href=\"https:\/\/wp.tecnica29de6.edu.ar\/htdocs\/wp\/wp-content\/uploads\/2016\/09\/PROGRAMA-EDUCACION-CIUDADANA-2\u00ba.pdf\">Programa Educaci\u00f3n ciudadana 2\u00baa\u00f1o<\/a><\/li>\n<li><a href=\"https:\/\/wp.tecnica29de6.edu.ar\/htdocs\/wp\/wp-content\/uploads\/2016\/09\/PROGRAMA-EDUCACION-CIUDADANA-3-A\u00d1O.pdf\">Programa Educaci\u00f3n ciudadana 3\u00baa\u00f1o<\/a><\/li>\n<li><a href=\"https:\/\/wp.tecnica29de6.edu.ar\/htdocs\/wp\/wp-content\/uploads\/2016\/09\/PROGRAMA-GEOGRAFIA-1\u00ba-A\u00d1O.pdf\">Programa de Geograf\u00eda 1\u00ba a\u00f1o<\/a><\/li>\n<li><a href=\"https:\/\/wp.tecnica29de6.edu.ar\/htdocs\/wp\/wp-content\/uploads\/2016\/09\/PROGRAMA-GEOGRAFIA-2\u00ba-A\u00d1O-.pdf\">Programa de Geograf\u00eda 2\u00ba a\u00f1o<\/a><\/li>\n<li><a href=\"https:\/\/wp.tecnica29de6.edu.ar\/htdocs\/wp\/wp-content\/uploads\/2016\/09\/PROGRAMA-HISTORIA-1\u00ba-A\u00d1O.pdf\">Programa de Historia 1\u00baa\u00f1o<\/a><\/li>\n<li><a href=\"https:\/\/wp.tecnica29de6.edu.ar\/htdocs\/wp\/wp-content\/uploads\/2016\/09\/PROGRAMA-HISTORIA-2\u00ba-A\u00d1O-.pdf\">Programa de Historia 2\u00baa\u00f1o<\/a><\/li>\n<li><a href=\"https:\/\/wp.tecnica29de6.edu.ar\/htdocs\/wp\/wp-content\/uploads\/2016\/09\/PROGRAMA-HISTORIA-3-\u00baA\u00d1O-.pdf\">Programa de Historia 3\u00baa\u00f1o<\/a><\/li>\n<li><a href=\"https:\/\/wp.tecnica29de6.edu.ar\/htdocs\/wp\/wp-content\/uploads\/2016\/09\/PROGRAMA-HISTORIA-4-COMPUTACION.pdf\">Programa de Historia &#8211; 4to. Computaci\u00f3n<\/a><\/li>\n<li><a href=\"https:\/\/wp.tecnica29de6.edu.ar\/htdocs\/wp\/wp-content\/uploads\/2016\/10\/Programa-Gesti\u00f3n-de-las-Organizaciones.doc\">Programa Gesti\u00f3n de las Organizaciones<\/a><\/li>\n<li><a href=\"https:\/\/wp.tecnica29de6.edu.ar\/htdocs\/wp\/wp-content\/uploads\/2016\/10\/Programa-Formaci\u00f3n-\u00c9tica-y-Ciudadana-6to-6ta.doc\">Programa Formaci\u00f3n \u00c9tica y Ciudadana 6to 6ta<\/a><\/li>\n<li><a href=\"https:\/\/wp.tecnica29de6.edu.ar\/htdocs\/wp\/wp-content\/uploads\/2016\/10\/Programa-de-Leg.Laboral-6to-.doc\">Programa de Legislaci\u00f3n Laboral 6to<\/a><\/li>\n<\/ul>\n","protected":false},"excerpt":{"rendered":"<p>Programas de Ciencias Sociales Ciclo B\u00e1sico Programa Educaci\u00f3n ciudadana 1\u00baa\u00f1o Programa Educaci\u00f3n ciudadana 2\u00baa\u00f1o Programa Educaci\u00f3n ciudadana 3\u00baa\u00f1o Programa de Geograf\u00eda 1\u00ba a\u00f1o Programa de Geograf\u00eda 2\u00ba a\u00f1o Programa de Historia 1\u00baa\u00f1o Programa de Historia 2\u00baa\u00f1o Programa de Historia 3\u00baa\u00f1o Programa de Historia &#8211; 4to. Computaci\u00f3n Programa Gesti\u00f3n de las Organizaciones Programa Formaci\u00f3n \u00c9tica y [&hellip;]<\/p>\n","protected":false},"author":2,"featured_media":0,"parent":0,"menu_order":0,"comment_status":"closed","ping_status":"closed","template":"","meta":{"ngg_post_thumbnail":0},"_links":{"self":[{"href":"https:\/\/www.tecnica29de6.edu.ar\/index.php?rest_route=\/wp\/v2\/pages\/2468"}],"collection":[{"href":"https:\/\/www.tecnica29de6.edu.ar\/index.php?rest_route=\/wp\/v2\/pages"}],"about":[{"href":"https:\/\/www.tecnica29de6.edu.ar\/index.php?rest_route=\/wp\/v2\/types\/page"}],"author":[{"embeddable":true,"href":"https:\/\/www.tecnica29de6.edu.ar\/index.php?rest_route=\/wp\/v2\/users\/2"}],"replies":[{"embeddable":true,"href":"https:\/\/www.tecnica29de6.edu.ar\/index.php?rest_route=%2Fwp%2Fv2%2Fcomments&post=2468"}],"version-history":[{"count":8,"href":"https:\/\/www.tecnica29de6.edu.ar\/index.php?rest_route=\/wp\/v2\/pages\/2468\/revisions"}],"predecessor-version":[{"id":2512,"href":"https:\/\/www.tecnica29de6.edu.ar\/index.php?rest_route=\/wp\/v2\/pages\/2468\/revisions\/2512"}],"wp:attachment":[{"href":"https:\/\/www.tecnica29de6.edu.ar\/index.php?rest_route=%2Fwp%2Fv2%2Fmedia&parent=2468"}],"curies":[{"name":"wp","href":"https:\/\/api.w.org\/{rel}","templated":true}]}}