{"id":2925,"date":"2016-12-16T17:46:23","date_gmt":"2016-12-16T17:46:23","guid":{"rendered":"https:\/\/wp.tecnica29de6.edu.ar\/htdocs\/wp\/?page_id=2925"},"modified":"2024-02-26T19:53:15","modified_gmt":"2024-02-26T19:53:15","slug":"matematicas","status":"publish","type":"page","link":"https:\/\/www.tecnica29de6.edu.ar\/?page_id=2925","title":{"rendered":"Matem\u00e1ticas"},"content":{"rendered":"<h3>Ciclo B\u00e1sico &#8211; Matem\u00e1tica<\/h3>\n<ul>\n<li><a href=\"https:\/\/www.tecnica29de6.edu.ar\/wp-content\/uploads\/2024\/02\/UNIDAD-CURRICULAR-MATEMATICA-1ER-ANO.pdf\">1\u00ba &nbsp;A\u00f1o Programa<\/a><\/li>\n<li><a href=\"https:\/\/www.tecnica29de6.edu.ar\/wp-content\/uploads\/2024\/02\/UNIDAD-CURRICULAR-MATEMATICA-2DO-ANO.pdf\" target=\"_blank\" rel=\"noopener\">2\u00ba &nbsp;A\u00f1o Programa<\/a><\/li>\n<\/ul>\n<ul>\n<li><a href=\"https:\/\/www.tecnica29de6.edu.ar\/wp-content\/uploads\/2024\/02\/UNIDAD-CURRICULAR-MATEMATICA-3ER-ANO-COMPUTACION-.pdf\">3\u00ba &nbsp;A\u00f1o Programa &#8211; Especialidad Computaci\u00f3n<\/a><\/li>\n<\/ul>\n<ul>\n<li><a href=\"https:\/\/www.tecnica29de6.edu.ar\/wp-content\/uploads\/2024\/02\/UNIDAD-CURRICULAR-MATEMATICA-3ER-ANO-ELECTRICA-.pdf\">3\u00ba &nbsp;A\u00f1o Programa&nbsp;&#8211; Especialidad El\u00e9ctrica<\/a><\/li>\n<li><a href=\"https:\/\/www.tecnica29de6.edu.ar\/wp-content\/uploads\/2024\/02\/UNIDAD-CURRICULAR-MATEMATICA-3ER-ANO-MECANICA-.pdf\">3\u00ba &nbsp;A\u00f1o Programa &#8211; Especialidad Mec\u00e1nica&nbsp;<\/a><\/li>\n<\/ul>\n<h3>&nbsp;Ciclo Superior &#8211; An\u00e1lisis Matem\u00e1tico<\/h3>\n<ul>\n<li><a href=\"https:\/\/www.tecnica29de6.edu.ar\/wp-content\/uploads\/2024\/02\/UNIDAD-CURRICULAR-MATEMATICA-4TO-ANO-COMPUTACION-.pdf\">4\u00ba A\u00f1o Programa &nbsp;&#8211; Especialidad&nbsp;Computaci\u00f3n<\/a><\/li>\n<li><a href=\"https:\/\/www.tecnica29de6.edu.ar\/wp-content\/uploads\/2024\/02\/UNIDAD-CURRICULAR-MATEMATICA-4TO-ANO-ELECTRICA-.pdf\">4\u00ba A\u00f1o Programa &nbsp;&#8211;&nbsp;Especialidad El\u00e9ctrica<\/a><\/li>\n<li><a href=\"https:\/\/www.tecnica29de6.edu.ar\/wp-content\/uploads\/2024\/02\/UNIDAD-CURRICULAR-MATEMATICA-4TO-ANO-MECANICA-.pdf\">4\u00ba A\u00f1o Programa &#8211; Especialidad Mec\u00e1nica<\/a><\/li>\n<\/ul>\n<p>&nbsp;<\/p>\n<ul>\n<li><a href=\"https:\/\/www.tecnica29de6.edu.ar\/wp-content\/uploads\/2024\/02\/UNIDAD-CURRICULAR-MATEMATICA-5TO-ANO-ELECTRICA-.pdf\">5\u00ba A\u00f1o Programa &nbsp;&#8211; Especialidad El\u00e9ctrica <\/a><\/li>\n<li><a href=\"https:\/\/www.tecnica29de6.edu.ar\/wp-content\/uploads\/2024\/02\/UNIDAD-CURRICULAR-MATEMATICA-5TO-ANO-MECANICA-.pdf\">5\u00ba A\u00f1o Programa &#8211; Especialidad Mec\u00e1nica<\/a><\/li>\n<li><a href=\"https:\/\/www.tecnica29de6.edu.ar\/wp-content\/uploads\/2024\/02\/UNIDAD-CURRICULAR-MATEMATICA-5TO-ANO-COMPUTACION-.pdf\">5\u00ba A\u00f1o Programa &#8211; Especialidad Computaci\u00f3n<\/a><\/li>\n<\/ul>\n<p>&nbsp;<\/p>\n<ul>\n<li><a href=\"https:\/\/www.tecnica29de6.edu.ar\/wp-content\/uploads\/2024\/02\/UNIDAD-CURRICULAR-MATEMATICA-6TO-ANO-COMPUTACION-.pdf\" target=\"_blank\" rel=\"noopener\">6\u00ba A\u00f1o Programa &nbsp;&#8211; Especialidad&nbsp;Computaci\u00f3n<\/a><\/li>\n<\/ul>\n","protected":false},"excerpt":{"rendered":"<p>Ciclo B\u00e1sico &#8211; Matem\u00e1tica 1\u00ba &nbsp;A\u00f1o Programa 2\u00ba &nbsp;A\u00f1o Programa 3\u00ba &nbsp;A\u00f1o Programa &#8211; Especialidad Computaci\u00f3n 3\u00ba &nbsp;A\u00f1o Programa&nbsp;&#8211; Especialidad El\u00e9ctrica 3\u00ba &nbsp;A\u00f1o Programa &#8211; Especialidad Mec\u00e1nica&nbsp; &nbsp;Ciclo Superior &#8211; An\u00e1lisis Matem\u00e1tico 4\u00ba A\u00f1o Programa &nbsp;&#8211; Especialidad&nbsp;Computaci\u00f3n 4\u00ba A\u00f1o Programa &nbsp;&#8211;&nbsp;Especialidad El\u00e9ctrica 4\u00ba A\u00f1o Programa &#8211; Especialidad Mec\u00e1nica &nbsp; 5\u00ba A\u00f1o Programa &nbsp;&#8211; Especialidad El\u00e9ctrica [&hellip;]<\/p>\n","protected":false},"author":2,"featured_media":0,"parent":0,"menu_order":0,"comment_status":"closed","ping_status":"closed","template":"","meta":{"ngg_post_thumbnail":0},"_links":{"self":[{"href":"https:\/\/www.tecnica29de6.edu.ar\/index.php?rest_route=\/wp\/v2\/pages\/2925"}],"collection":[{"href":"https:\/\/www.tecnica29de6.edu.ar\/index.php?rest_route=\/wp\/v2\/pages"}],"about":[{"href":"https:\/\/www.tecnica29de6.edu.ar\/index.php?rest_route=\/wp\/v2\/types\/page"}],"author":[{"embeddable":true,"href":"https:\/\/www.tecnica29de6.edu.ar\/index.php?rest_route=\/wp\/v2\/users\/2"}],"replies":[{"embeddable":true,"href":"https:\/\/www.tecnica29de6.edu.ar\/index.php?rest_route=%2Fwp%2Fv2%2Fcomments&post=2925"}],"version-history":[{"count":16,"href":"https:\/\/www.tecnica29de6.edu.ar\/index.php?rest_route=\/wp\/v2\/pages\/2925\/revisions"}],"predecessor-version":[{"id":6030,"href":"https:\/\/www.tecnica29de6.edu.ar\/index.php?rest_route=\/wp\/v2\/pages\/2925\/revisions\/6030"}],"wp:attachment":[{"href":"https:\/\/www.tecnica29de6.edu.ar\/index.php?rest_route=%2Fwp%2Fv2%2Fmedia&parent=2925"}],"curies":[{"name":"wp","href":"https:\/\/api.w.org\/{rel}","templated":true}]}}