{"id":2932,"date":"2016-12-16T17:53:45","date_gmt":"2016-12-16T17:53:45","guid":{"rendered":"https:\/\/wp.tecnica29de6.edu.ar\/htdocs\/wp\/?page_id=2932"},"modified":"2024-02-26T20:03:09","modified_gmt":"2024-02-26T20:03:09","slug":"biologia","status":"publish","type":"page","link":"https:\/\/www.tecnica29de6.edu.ar\/?page_id=2932","title":{"rendered":"Biolog\u00eda"},"content":{"rendered":"<h3>Ciclo B\u00e1sico &#8211; Programas y Planificaci\u00f3n<\/h3>\n<p>&nbsp;<\/p>\n<ul>\n<li><a href=\"https:\/\/www.tecnica29de6.edu.ar\/wp-content\/uploads\/2024\/02\/UNIDAD-CURRICULAR-BIOLOGIA-1ER-ANO.pdf\" target=\"_blank\" rel=\"noopener\">Programa 1\u00ba a\u00f1o Biolog\u00eda<\/a><\/li>\n<li><a href=\"https:\/\/www.tecnica29de6.edu.ar\/wp-content\/uploads\/2024\/02\/UNIDAD-CURRICULAR-BIOLOGIA-2DO-ANO.pdf\" target=\"_blank\" rel=\"noopener\">Programa 2\u00ba a\u00f1o Biolog\u00eda<\/a><\/li>\n<\/ul>\n","protected":false},"excerpt":{"rendered":"<p>Ciclo B\u00e1sico &#8211; Programas y Planificaci\u00f3n &nbsp; Programa 1\u00ba a\u00f1o Biolog\u00eda Programa 2\u00ba a\u00f1o Biolog\u00eda<\/p>\n","protected":false},"author":2,"featured_media":0,"parent":0,"menu_order":0,"comment_status":"closed","ping_status":"closed","template":"","meta":{"ngg_post_thumbnail":0},"_links":{"self":[{"href":"https:\/\/www.tecnica29de6.edu.ar\/index.php?rest_route=\/wp\/v2\/pages\/2932"}],"collection":[{"href":"https:\/\/www.tecnica29de6.edu.ar\/index.php?rest_route=\/wp\/v2\/pages"}],"about":[{"href":"https:\/\/www.tecnica29de6.edu.ar\/index.php?rest_route=\/wp\/v2\/types\/page"}],"author":[{"embeddable":true,"href":"https:\/\/www.tecnica29de6.edu.ar\/index.php?rest_route=\/wp\/v2\/users\/2"}],"replies":[{"embeddable":true,"href":"https:\/\/www.tecnica29de6.edu.ar\/index.php?rest_route=%2Fwp%2Fv2%2Fcomments&post=2932"}],"version-history":[{"count":6,"href":"https:\/\/www.tecnica29de6.edu.ar\/index.php?rest_route=\/wp\/v2\/pages\/2932\/revisions"}],"predecessor-version":[{"id":6039,"href":"https:\/\/www.tecnica29de6.edu.ar\/index.php?rest_route=\/wp\/v2\/pages\/2932\/revisions\/6039"}],"wp:attachment":[{"href":"https:\/\/www.tecnica29de6.edu.ar\/index.php?rest_route=%2Fwp%2Fv2%2Fmedia&parent=2932"}],"curies":[{"name":"wp","href":"https:\/\/api.w.org\/{rel}","templated":true}]}}