{"id":2937,"date":"2016-12-16T18:01:44","date_gmt":"2016-12-16T18:01:44","guid":{"rendered":"https:\/\/wp.tecnica29de6.edu.ar\/htdocs\/wp\/?page_id=2937"},"modified":"2024-02-26T20:09:58","modified_gmt":"2024-02-26T20:09:58","slug":"fisica","status":"publish","type":"page","link":"https:\/\/www.tecnica29de6.edu.ar\/?page_id=2937","title":{"rendered":"F\u00edsica"},"content":{"rendered":"<h3>Ciclo B\u00e1sico &#8211; Programa y Planificaci\u00f3n<\/h3>\n<ul>\n<li><a href=\"https:\/\/www.tecnica29de6.edu.ar\/wp-content\/uploads\/2024\/02\/UNIDAD-CURRICULAR-FISICA-2do-2023.pdf\">2\u00ba a\u00f1o Programa de F\u00edsica<\/a><\/li>\n<li><a href=\"https:\/\/www.tecnica29de6.edu.ar\/wp-content\/uploads\/2024\/02\/UNIDAD-CURRICULAR-FISICA-3ER-COMPUTACION-2023.pdf\" target=\"_blank\" rel=\"noopener\">3\u00ba a\u00f1o Programa de F\u00edsica Computaci\u00f3n<\/a><\/li>\n<li><a href=\"https:\/\/www.tecnica29de6.edu.ar\/wp-content\/uploads\/2024\/02\/UNIDAD-CURRICULAR-FISICA-3ER-ELECTRICA-2023.pdf\" target=\"_blank\" rel=\"noopener\">3\u00ba a\u00f1o Programa de F\u00edsica de El\u00e9ctrica<\/a><\/li>\n<li><a href=\"https:\/\/www.tecnica29de6.edu.ar\/wp-content\/uploads\/2024\/02\/UNIDAD-CURRICULAR-FISICA-3ER-MECANICA-2023.pdf\" target=\"_blank\" rel=\"noopener\">3\u00ba a\u00f1o Programa de F\u00edsica de Mec\u00e1nica<\/a><\/li>\n<li>&nbsp;<\/li>\n<\/ul>\n<p>&nbsp;<\/p>\n","protected":false},"excerpt":{"rendered":"<p>Ciclo B\u00e1sico &#8211; Programa y Planificaci\u00f3n 2\u00ba a\u00f1o Programa de F\u00edsica 3\u00ba a\u00f1o Programa de F\u00edsica Computaci\u00f3n 3\u00ba a\u00f1o Programa de F\u00edsica de El\u00e9ctrica 3\u00ba a\u00f1o Programa de F\u00edsica de Mec\u00e1nica &nbsp; &nbsp;<\/p>\n","protected":false},"author":2,"featured_media":0,"parent":0,"menu_order":0,"comment_status":"closed","ping_status":"closed","template":"","meta":{"ngg_post_thumbnail":0},"_links":{"self":[{"href":"https:\/\/www.tecnica29de6.edu.ar\/index.php?rest_route=\/wp\/v2\/pages\/2937"}],"collection":[{"href":"https:\/\/www.tecnica29de6.edu.ar\/index.php?rest_route=\/wp\/v2\/pages"}],"about":[{"href":"https:\/\/www.tecnica29de6.edu.ar\/index.php?rest_route=\/wp\/v2\/types\/page"}],"author":[{"embeddable":true,"href":"https:\/\/www.tecnica29de6.edu.ar\/index.php?rest_route=\/wp\/v2\/users\/2"}],"replies":[{"embeddable":true,"href":"https:\/\/www.tecnica29de6.edu.ar\/index.php?rest_route=%2Fwp%2Fv2%2Fcomments&post=2937"}],"version-history":[{"count":4,"href":"https:\/\/www.tecnica29de6.edu.ar\/index.php?rest_route=\/wp\/v2\/pages\/2937\/revisions"}],"predecessor-version":[{"id":6045,"href":"https:\/\/www.tecnica29de6.edu.ar\/index.php?rest_route=\/wp\/v2\/pages\/2937\/revisions\/6045"}],"wp:attachment":[{"href":"https:\/\/www.tecnica29de6.edu.ar\/index.php?rest_route=%2Fwp%2Fv2%2Fmedia&parent=2937"}],"curies":[{"name":"wp","href":"https:\/\/api.w.org\/{rel}","templated":true}]}}