{"id":2941,"date":"2016-12-16T18:05:51","date_gmt":"2016-12-16T18:05:51","guid":{"rendered":"https:\/\/wp.tecnica29de6.edu.ar\/htdocs\/wp\/?page_id=2941"},"modified":"2024-02-26T20:00:37","modified_gmt":"2024-02-26T20:00:37","slug":"quimica","status":"publish","type":"page","link":"https:\/\/www.tecnica29de6.edu.ar\/?page_id=2941","title":{"rendered":"Qu\u00edmica"},"content":{"rendered":"<h3>Ciclo B\u00e1sico &#8211; Programa y Planificaci\u00f3n<\/h3>\n<ul>\n<li><a href=\"https:\/\/www.tecnica29de6.edu.ar\/wp-content\/uploads\/2024\/02\/UNIDAD-CURRICULAR-QUIMICA-ESP-COMPUTACION-3ERO-ANO.pdf\" target=\"_blank\" rel=\"noopener\">3\u00ba a\u00f1o Programa de Qu\u00edmica Computaci\u00f3n<\/a><\/li>\n<li><a href=\"https:\/\/www.tecnica29de6.edu.ar\/wp-content\/uploads\/2024\/02\/UNIDAD-CURRICULAR-QUIMICA-ESP-ELECTRICA-3ERO-ANO.pdf\" target=\"_blank\" rel=\"noopener\">3\u00ba a\u00f1o Programa de Qu\u00edmica El\u00e9ctrica<\/a><\/li>\n<li><a href=\"https:\/\/www.tecnica29de6.edu.ar\/wp-content\/uploads\/2024\/02\/UNIDAD-CURRICULAR-QUIMICA-ESP-MECANICA-3ERO-ANO.pdf\" target=\"_blank\" rel=\"noopener\">3\u00ba a\u00f1o Programa de Qu\u00edmica Mec\u00e1nica<\/a><\/li>\n<li><a href=\"https:\/\/www.tecnica29de6.edu.ar\/wp-content\/uploads\/2024\/02\/UNIDAD-CURRICULAR-QUIMICA-APLICADA-ESP-MECANICA-4TO-ANO.pdf\" target=\"_blank\" rel=\"noopener\">4\u00ba a\u00f1o Programa de Qu\u00edmica Aplicada Mec\u00e1nica<\/a><\/li>\n<\/ul>\n","protected":false},"excerpt":{"rendered":"<p>Ciclo B\u00e1sico &#8211; Programa y Planificaci\u00f3n 3\u00ba a\u00f1o Programa de Qu\u00edmica Computaci\u00f3n 3\u00ba a\u00f1o Programa de Qu\u00edmica El\u00e9ctrica 3\u00ba a\u00f1o Programa de Qu\u00edmica Mec\u00e1nica 4\u00ba a\u00f1o Programa de Qu\u00edmica Aplicada Mec\u00e1nica<\/p>\n","protected":false},"author":2,"featured_media":0,"parent":0,"menu_order":0,"comment_status":"closed","ping_status":"closed","template":"","meta":{"ngg_post_thumbnail":0},"_links":{"self":[{"href":"https:\/\/www.tecnica29de6.edu.ar\/index.php?rest_route=\/wp\/v2\/pages\/2941"}],"collection":[{"href":"https:\/\/www.tecnica29de6.edu.ar\/index.php?rest_route=\/wp\/v2\/pages"}],"about":[{"href":"https:\/\/www.tecnica29de6.edu.ar\/index.php?rest_route=\/wp\/v2\/types\/page"}],"author":[{"embeddable":true,"href":"https:\/\/www.tecnica29de6.edu.ar\/index.php?rest_route=\/wp\/v2\/users\/2"}],"replies":[{"embeddable":true,"href":"https:\/\/www.tecnica29de6.edu.ar\/index.php?rest_route=%2Fwp%2Fv2%2Fcomments&post=2941"}],"version-history":[{"count":3,"href":"https:\/\/www.tecnica29de6.edu.ar\/index.php?rest_route=\/wp\/v2\/pages\/2941\/revisions"}],"predecessor-version":[{"id":6036,"href":"https:\/\/www.tecnica29de6.edu.ar\/index.php?rest_route=\/wp\/v2\/pages\/2941\/revisions\/6036"}],"wp:attachment":[{"href":"https:\/\/www.tecnica29de6.edu.ar\/index.php?rest_route=%2Fwp%2Fv2%2Fmedia&parent=2941"}],"curies":[{"name":"wp","href":"https:\/\/api.w.org\/{rel}","templated":true}]}}