{"id":3039,"date":"2017-04-07T03:37:09","date_gmt":"2017-04-07T03:37:09","guid":{"rendered":"https:\/\/wp.tecnica29de6.edu.ar\/htdocs\/wp\/?page_id=3039"},"modified":"2017-04-07T03:40:36","modified_gmt":"2017-04-07T03:40:36","slug":"ed-artistica-teatro","status":"publish","type":"page","link":"https:\/\/www.tecnica29de6.edu.ar\/?page_id=3039","title":{"rendered":"Ed. Art\u00edstica &#8211; Teatro"},"content":{"rendered":"<h3>Planificaci\u00f3n<\/h3>\n<ul>\n<li><a href=\"https:\/\/wp.tecnica29de6.edu.ar\/htdocs\/wp\/wp-content\/uploads\/2017\/04\/PLANIFICACI\u00d3N-ANUAL-ED-ARTISTICA.pdf\" target=\"_blank\">Planificaci\u00f3n Anual &#8211; Ed Art\u00edstica<\/a><\/li>\n<\/ul>\n","protected":false},"excerpt":{"rendered":"<p>Planificaci\u00f3n Planificaci\u00f3n Anual &#8211; Ed Art\u00edstica<\/p>\n","protected":false},"author":2,"featured_media":0,"parent":0,"menu_order":0,"comment_status":"closed","ping_status":"closed","template":"","meta":{"ngg_post_thumbnail":0},"_links":{"self":[{"href":"https:\/\/www.tecnica29de6.edu.ar\/index.php?rest_route=\/wp\/v2\/pages\/3039"}],"collection":[{"href":"https:\/\/www.tecnica29de6.edu.ar\/index.php?rest_route=\/wp\/v2\/pages"}],"about":[{"href":"https:\/\/www.tecnica29de6.edu.ar\/index.php?rest_route=\/wp\/v2\/types\/page"}],"author":[{"embeddable":true,"href":"https:\/\/www.tecnica29de6.edu.ar\/index.php?rest_route=\/wp\/v2\/users\/2"}],"replies":[{"embeddable":true,"href":"https:\/\/www.tecnica29de6.edu.ar\/index.php?rest_route=%2Fwp%2Fv2%2Fcomments&post=3039"}],"version-history":[{"count":3,"href":"https:\/\/www.tecnica29de6.edu.ar\/index.php?rest_route=\/wp\/v2\/pages\/3039\/revisions"}],"predecessor-version":[{"id":3044,"href":"https:\/\/www.tecnica29de6.edu.ar\/index.php?rest_route=\/wp\/v2\/pages\/3039\/revisions\/3044"}],"wp:attachment":[{"href":"https:\/\/www.tecnica29de6.edu.ar\/index.php?rest_route=%2Fwp%2Fv2%2Fmedia&parent=3039"}],"curies":[{"name":"wp","href":"https:\/\/api.w.org\/{rel}","templated":true}]}}