{"id":624,"date":"2014-09-25T21:41:03","date_gmt":"2014-09-25T21:41:03","guid":{"rendered":"https:\/\/wp.tecnica29de6.edu.ar\/htdocs\/wp\/?page_id=624"},"modified":"2015-03-31T14:42:21","modified_gmt":"2015-03-31T14:42:21","slug":"electricidad","status":"publish","type":"page","link":"https:\/\/www.tecnica29de6.edu.ar\/?page_id=624","title":{"rendered":"Electricidad"},"content":{"rendered":"<h3>Electricidad con orientaci\u00f3n en electr\u00f3nica<\/h3>\n<p><a href=\"https:\/\/wp.tecnica29de6.edu.ar\/htdocs\/wp\/wp-content\/uploads\/2014\/06\/lamp.jpg\"><img decoding=\"async\" loading=\"lazy\" class=\"alignleft wp-image-109 size-full\" src=\"https:\/\/wp.tecnica29de6.edu.ar\/htdocs\/wp\/wp-content\/uploads\/2014\/06\/lamp.jpg\" alt=\"lamp\" width=\"60\" height=\"139\" \/><\/a><\/p>\n<p style=\"text-align: justify;\">La fundaci\u00f3n de este establecimiento era una necesidad de la Corporaci\u00f3n de Transporte de Buenos Aires para especializar a sus operarios en Electricidad y Mec\u00e1nica; por ese motivo en el a\u00f1o 1943 cre\u00f3 la escuela de Capacitaci\u00f3n Obrera de la Naci\u00f3n N\u00b0 47, en donde sus docentes eran en su mayor\u00eda ingenieros de la empresa. En el a\u00f1o 1963 con la creaci\u00f3n del CONET (Consejo Nacional de Educaci\u00f3n T\u00e9cnica) la escuela pas\u00f3 a su \u00f3rbita. En el a\u00f1o 1967 adquiere su actual denominaci\u00f3n: E.T.N\u00b0 29 Reconquista de Buenos Aires; durante todos esos a\u00f1os la escuela se fue equipando con m\u00e1quinas y equipos, para darle al alumnado una instrucci\u00f3n con elementos modernos, un incendio destruy\u00f3 todo lo material pero no las esperanzas y la escuela con gran esfuerzo fue resurgiendo de sus cenizas con la ayuda de todos sus integrantes.<\/p>\n<p style=\"text-align: justify;\">En el a\u00f1o 1989, un grupo de docentes del establecimiento moderniz\u00f3 la curr\u00edcula para transformarla en la especialidad de Electricidad con Orientaci\u00f3n en Electr\u00f3nica, dado que la mayor\u00eda de las industrias contaban con maquinarias y sistemas automatizados. Estos cambios no solo fueron aprobados por el CONET, sino que tambi\u00e9n fueron implementados en m\u00e1s de 70 escuelas t\u00e9cnicas del pa\u00eds.<\/p>\n<p style=\"text-align: justify;\">Con respecto a la salida laboral de la especialidad, podemos decir, que a pesar de la dif\u00edcil situaci\u00f3n laboral del pa\u00eds, se encuentra dentro de la rama t\u00e9cnica, entre las tres primeras con mayor demanda; no s\u00f3lo se puede trabajar bajo relaci\u00f3n de dependencia en las \u00e1reas de mantenimiento, oficina t\u00e9cnica, producci\u00f3n, etc. sino tambi\u00e9n en forma independiente como instalador de servicios el\u00e9ctricos.<\/p>\n<p style=\"text-align: justify;\">Las principales materias que se dictan en esta especialidad son: Electrotecnia I y II, Laboratorio de Mediciones El\u00e9ctricas I y II, M\u00e1quinas El\u00e9ctricas I y II, Instalaciones El\u00e9ctricas, Laboratorio de M\u00e1quinas El\u00e9ctricas y Centrales y Canalizaciones El\u00e9ctricas. Con respecto a las materias de la Orientaci\u00f3n Electr\u00f3nica podemos nombrar: T\u00e9cnicas Digitales, Tecnolog\u00eda de los Materiales El\u00e9ctricos y Electr\u00f3nicos, Electr\u00f3nica y Electr\u00f3nica Aplicada.<\/p>\n<p style=\"text-align: justify;\">Contando tambi\u00e9n con talleres y laboratorios a los que tratamos de ir modernizando para acercarlos a las necesidades actuales de la industria nacional<\/p>\n","protected":false},"excerpt":{"rendered":"<p>Electricidad con orientaci\u00f3n en electr\u00f3nica La fundaci\u00f3n de este establecimiento era una necesidad de la Corporaci\u00f3n de Transporte de Buenos Aires para especializar a sus operarios en Electricidad y Mec\u00e1nica; por ese motivo en el a\u00f1o 1943 cre\u00f3 la escuela de Capacitaci\u00f3n Obrera de la Naci\u00f3n N\u00b0 47, en donde sus docentes eran en su [&hellip;]<\/p>\n","protected":false},"author":2,"featured_media":0,"parent":0,"menu_order":0,"comment_status":"closed","ping_status":"closed","template":"","meta":{"ngg_post_thumbnail":0},"_links":{"self":[{"href":"https:\/\/www.tecnica29de6.edu.ar\/index.php?rest_route=\/wp\/v2\/pages\/624"}],"collection":[{"href":"https:\/\/www.tecnica29de6.edu.ar\/index.php?rest_route=\/wp\/v2\/pages"}],"about":[{"href":"https:\/\/www.tecnica29de6.edu.ar\/index.php?rest_route=\/wp\/v2\/types\/page"}],"author":[{"embeddable":true,"href":"https:\/\/www.tecnica29de6.edu.ar\/index.php?rest_route=\/wp\/v2\/users\/2"}],"replies":[{"embeddable":true,"href":"https:\/\/www.tecnica29de6.edu.ar\/index.php?rest_route=%2Fwp%2Fv2%2Fcomments&post=624"}],"version-history":[{"count":2,"href":"https:\/\/www.tecnica29de6.edu.ar\/index.php?rest_route=\/wp\/v2\/pages\/624\/revisions"}],"predecessor-version":[{"id":626,"href":"https:\/\/www.tecnica29de6.edu.ar\/index.php?rest_route=\/wp\/v2\/pages\/624\/revisions\/626"}],"wp:attachment":[{"href":"https:\/\/www.tecnica29de6.edu.ar\/index.php?rest_route=%2Fwp%2Fv2%2Fmedia&parent=624"}],"curies":[{"name":"wp","href":"https:\/\/api.w.org\/{rel}","templated":true}]}}